{"id":72,"date":"2026-04-12T23:56:33","date_gmt":"2026-04-12T21:56:33","guid":{"rendered":"https:\/\/humortangente.yolandapazos.com\/?post_type=product&#038;p=72"},"modified":"2026-04-12T23:59:08","modified_gmt":"2026-04-12T21:59:08","slug":"agenda-esta-si-es-la-definitiva-o-no","status":"publish","type":"product","link":"https:\/\/humortangente.yolandapazos.com\/index.php\/product\/agenda-esta-si-es-la-definitiva-o-no\/","title":{"rendered":"Agenda: \u00abesta s\u00ed es la definitiva&#8230;o no\u00bb"},"content":{"rendered":"<p data-path-to-node=\"12\">Basta ya de la culpa por las agendas con solo tres semanas rellenas. Esta libreta no tiene fechas, ni presiones, ni \u00abobjetivos del mes\u00bb que te hagan sentir mal si no los cumples. Es un espacio libre para tus listas de la compra, tus esquemas ca\u00f3ticos o tus ideas brillantes que aparecen a deshora. \u00dasala cuando quieras; ella te esperar\u00e1 sin juzgarte.<\/p>\n<p data-path-to-node=\"13,0,0\">Tapa dura resistente a los golpes (y a los despistes).<\/p>\n","protected":false},"excerpt":{"rendered":"<p>Basta ya de la culpa por las agendas con solo tres semanas rellenas. Esta libreta no tiene fechas, ni presiones, ni \u00abobjetivos del mes\u00bb que te hagan sentir mal si no los cumples. Es un espacio libre para tus listas de la compra, tus esquemas ca\u00f3ticos o tus ideas brillantes que aparecen a deshora. \u00dasala [&hellip;]<\/p>\n","protected":false},"featured_media":73,"comment_status":"open","ping_status":"closed","template":"","meta":[],"product_brand":[],"product_cat":[15],"product_tag":[],"class_list":{"0":"post-72","1":"product","2":"type-product","3":"status-publish","4":"has-post-thumbnail","6":"product_cat-uncategorized","8":"first","9":"instock","10":"shipping-taxable","11":"purchasable","12":"product-type-simple"},"_links":{"self":[{"href":"https:\/\/humortangente.yolandapazos.com\/index.php\/wp-json\/wp\/v2\/product\/72","targetHints":{"allow":["GET"]}}],"collection":[{"href":"https:\/\/humortangente.yolandapazos.com\/index.php\/wp-json\/wp\/v2\/product"}],"about":[{"href":"https:\/\/humortangente.yolandapazos.com\/index.php\/wp-json\/wp\/v2\/types\/product"}],"replies":[{"embeddable":true,"href":"https:\/\/humortangente.yolandapazos.com\/index.php\/wp-json\/wp\/v2\/comments?post=72"}],"wp:featuredmedia":[{"embeddable":true,"href":"https:\/\/humortangente.yolandapazos.com\/index.php\/wp-json\/wp\/v2\/media\/73"}],"wp:attachment":[{"href":"https:\/\/humortangente.yolandapazos.com\/index.php\/wp-json\/wp\/v2\/media?parent=72"}],"wp:term":[{"taxonomy":"product_brand","embeddable":true,"href":"https:\/\/humortangente.yolandapazos.com\/index.php\/wp-json\/wp\/v2\/product_brand?post=72"},{"taxonomy":"product_cat","embeddable":true,"href":"https:\/\/humortangente.yolandapazos.com\/index.php\/wp-json\/wp\/v2\/product_cat?post=72"},{"taxonomy":"product_tag","embeddable":true,"href":"https:\/\/humortangente.yolandapazos.com\/index.php\/wp-json\/wp\/v2\/product_tag?post=72"}],"curies":[{"name":"wp","href":"https:\/\/api.w.org\/{rel}","templated":true}]}}