{"id":26,"date":"2026-04-12T22:56:57","date_gmt":"2026-04-12T20:56:57","guid":{"rendered":"https:\/\/humortangente.yolandapazos.com\/?page_id=26"},"modified":"2026-04-12T22:56:57","modified_gmt":"2026-04-12T20:56:57","slug":"aviso-legal","status":"publish","type":"page","link":"https:\/\/humortangente.yolandapazos.com\/index.php\/aviso-legal\/","title":{"rendered":"Aviso legal"},"content":{"rendered":"\n<ol class=\"wp-block-list\">\n<li>AVISO LEGAL<br>Aviso legal<\/li>\n<\/ol>\n\n\n\n<p>En cumplimiento de lo dispuesto en la Ley 34\/2002, de servicios de la sociedad de la informaci\u00f3n y de comercio electr\u00f3nico, se informa que el presente sitio web es titularidad de:<\/p>\n\n\n\n<p>Titular: Yolanda Pazos Rodr\u00edguez<br>Nombre comercial: TANGENTE<br>NIF\/CIF: 76828793F<br>Domicilio: Pontevedra<br>Correo electr\u00f3nico: humortangente@gmail.com<br>Tel\u00e9fono: 679266067<br>Actividad: Venta online de ropa, accesorios y productos de dise\u00f1o.<\/p>\n\n\n\n<p>Objeto<\/p>\n\n\n\n<p>El presente sitio web tiene por objeto ofrecer informaci\u00f3n sobre la marca TANGENTE, sus productos, contenidos de blog y la venta online de art\u00edculos a trav\u00e9s de su tienda electr\u00f3nica.<\/p>\n\n\n\n<p>Condiciones de uso<\/p>\n\n\n\n<p>El acceso y navegaci\u00f3n por este sitio web atribuye la condici\u00f3n de usuario e implica la aceptaci\u00f3n de las presentes condiciones de uso.<\/p>\n\n\n\n<p>El usuario se compromete a utilizar esta web de conformidad con la ley, la buena fe, el orden p\u00fablico y los presentes textos legales. Queda prohibido el uso del sitio web con fines il\u00edcitos o lesivos para la titular o para terceros.<\/p>\n\n\n\n<p>Propiedad intelectual e industrial<\/p>\n\n\n\n<p>Todos los contenidos del sitio web, incluyendo textos, dise\u00f1os, logotipos, im\u00e1genes, fotograf\u00edas, v\u00eddeos, nombres comerciales, marcas y cualquier otro elemento susceptible de protecci\u00f3n, son titularidad de TANGENTE o se utilizan con la correspondiente autorizaci\u00f3n o licencia.<\/p>\n\n\n\n<p>Queda prohibida la reproducci\u00f3n, distribuci\u00f3n, comunicaci\u00f3n p\u00fablica, transformaci\u00f3n o cualquier otro uso de los contenidos sin autorizaci\u00f3n previa y expresa de la titular.<\/p>\n\n\n\n<p>Responsabilidad<\/p>\n\n\n\n<p>La titular no se hace responsable de los da\u00f1os o perjuicios que puedan derivarse del uso indebido de los contenidos del sitio web ni de la falta de disponibilidad puntual de la web por motivos t\u00e9cnicos, de mantenimiento o causas ajenas a su control.<\/p>\n\n\n\n<p>Asimismo, no se garantiza la ausencia de virus u otros elementos que pudieran producir alteraciones en los sistemas inform\u00e1ticos del usuario, aunque se adoptan las medidas razonables para evitarlo.<\/p>\n\n\n\n<p>Enlaces externos<\/p>\n\n\n\n<p>En caso de que este sitio web incluya enlaces a p\u00e1ginas de terceros, TANGENTE no se responsabiliza de los contenidos, pol\u00edticas o pr\u00e1cticas de dichos sitios externos.<\/p>\n\n\n\n<p>Legislaci\u00f3n aplicable y jurisdicci\u00f3n<\/p>\n\n\n\n<p>La relaci\u00f3n entre la titular y el usuario se regir\u00e1 por la legislaci\u00f3n espa\u00f1ola. En caso de conflicto, las partes se someter\u00e1n a los juzgados y tribunales que resulten competentes conforme a la normativa aplicable.<\/p>\n","protected":false},"excerpt":{"rendered":"<p>En cumplimiento de lo dispuesto en la Ley 34\/2002, de servicios de la sociedad de la informaci\u00f3n y de comercio electr\u00f3nico, se informa que el presente sitio web es titularidad de: Titular: Yolanda Pazos Rodr\u00edguezNombre comercial: TANGENTENIF\/CIF: 76828793FDomicilio: PontevedraCorreo electr\u00f3nico: humortangente@gmail.comTel\u00e9fono: 679266067Actividad: Venta online de ropa, accesorios y productos de dise\u00f1o. Objeto El presente sitio [&hellip;]<\/p>\n","protected":false},"author":2,"featured_media":0,"parent":0,"menu_order":0,"comment_status":"closed","ping_status":"closed","template":"","meta":{"footnotes":""},"class_list":["post-26","page","type-page","status-publish","hentry"],"_links":{"self":[{"href":"https:\/\/humortangente.yolandapazos.com\/index.php\/wp-json\/wp\/v2\/pages\/26","targetHints":{"allow":["GET"]}}],"collection":[{"href":"https:\/\/humortangente.yolandapazos.com\/index.php\/wp-json\/wp\/v2\/pages"}],"about":[{"href":"https:\/\/humortangente.yolandapazos.com\/index.php\/wp-json\/wp\/v2\/types\/page"}],"author":[{"embeddable":true,"href":"https:\/\/humortangente.yolandapazos.com\/index.php\/wp-json\/wp\/v2\/users\/2"}],"replies":[{"embeddable":true,"href":"https:\/\/humortangente.yolandapazos.com\/index.php\/wp-json\/wp\/v2\/comments?post=26"}],"version-history":[{"count":2,"href":"https:\/\/humortangente.yolandapazos.com\/index.php\/wp-json\/wp\/v2\/pages\/26\/revisions"}],"predecessor-version":[{"id":28,"href":"https:\/\/humortangente.yolandapazos.com\/index.php\/wp-json\/wp\/v2\/pages\/26\/revisions\/28"}],"wp:attachment":[{"href":"https:\/\/humortangente.yolandapazos.com\/index.php\/wp-json\/wp\/v2\/media?parent=26"}],"curies":[{"name":"wp","href":"https:\/\/api.w.org\/{rel}","templated":true}]}}